{"id":9,"date":"2016-03-03T16:54:32","date_gmt":"2016-03-03T15:54:32","guid":{"rendered":"http:\/\/www.tvk-gaj.pl\/?page_id=9"},"modified":"2025-09-11T19:46:41","modified_gmt":"2025-09-11T17:46:41","slug":"telewizja","status":"publish","type":"page","link":"https:\/\/www.tvk-gaj.pl\/?page_id=9","title":{"rendered":"Telewizja"},"content":{"rendered":"<div class=\"wpb-content-wrapper\"><p>[vc_row][vc_column]<div class=\"fancy_heading fancy_heading_line\"><div class=\"fh-top\"><\/div><h2 class=\"title\">Oferujemy dost\u0119p do najciekawszych kana\u0142\u00f3w telewizji kablowej<\/h2><div class=\"inside\">Stowarzyszenie oferuje dost\u0119p do program\u00f3w telewizji kablowej w formie dw\u00f3ch pakiet\u00f3w obejmuj\u0105cych programy: og\u00f3lnotematyczne, informacyjne, filmowe, naukowe, przyrodnicze, sportowe, rozrywkowe, muzyczne, m\u0142odzie\u017cowe i dzieci\u0119ce. Pakiety oferowane s\u0105 jako:<\/div><\/div>\n[\/vc_column][\/vc_row][vc_row el_class=&#8221;mcb-section&#8221;][vc_column]<div class=\"fancy_heading fancy_heading_icon\"><div class=\"fh-top\"><\/div><h2 class=\"title\">Wybierz sw\u00f3j plan<\/h2><\/div>\n[vc_row_inner][vc_column_inner width=&#8221;1\/2&#8243;]<div class=\"pricing-box  pricing-box-box\"><div class=\"plan-header\"><h2 class=\"title \">Pakiet Podstawowy<\/h2><div class=\"price\"><sup class=\"currency\">z\u0142<\/sup><span>23<\/span><sup class=\"period\">miesi\u0119cznie<\/sup><\/div><hr class=\"hr_color\" \/><\/div><div class=\"plan-footer\"><a href=\"#\" class=\"button button_theme \"  title=\"Zam\u00f3w Teraz\"><span class=\"button_label\">Zam\u00f3w Teraz<\/span><\/a><\/div><\/div>\n[\/vc_column_inner][vc_column_inner width=&#8221;1\/2&#8243;]<div class=\"pricing-box  pricing-box-box\"><div class=\"plan-header\"><h2 class=\"title \">Pakiet Rozszerzony -Promocja 45 z\u0142 zamiast 49 z\u0142 !<\/h2><div class=\"price\"><sup class=\"currency\">z\u0142<\/sup><span>45<\/span><sup class=\"period\">miesi\u0119cznie<\/sup><\/div><hr class=\"hr_color\" \/><\/div><div class=\"plan-footer\"><a href=\"#\" class=\"button button_theme \"  title=\"Zam\u00f3w teraz\"><span class=\"button_label\">Zam\u00f3w teraz<\/span><\/a><\/div><\/div>\n[\/vc_column_inner][\/vc_row_inner][\/vc_column][\/vc_row][vc_row][vc_column][vc_row_inner][vc_column_inner width=&#8221;1\/2&#8243;][vc_custom_heading text=&#8221;Pakiet Podstawowy &#8211; mi\u0119dzy innymi&#8221; font_container=&#8221;tag:h3|text_align:left&#8221; google_fonts=&#8221;font_family:PT%20Sans%3Aregular%2Citalic%2C700%2C700italic|font_style:400%20regular%3A400%3Anormal&#8221;][vc_column_text css=&#8221;&#8221;]<\/p>\n<ul>\n<li><strong>TVP-1 HD, TVP-2 HD, TVP-3 Wroc\u0142aw,<\/strong><\/li>\n<li><strong>TVP Info HD, TVP Polonia HD, TVP World HD<br \/>\n<\/strong><\/li>\n<li><strong>TVP Dokument HD, TVP Historia, TVP Nauka HD<br \/>\n<\/strong><\/li>\n<li><strong>TVP Kultura HD, TVP Kobieta<\/strong><\/li>\n<li><strong>TVP Rozrywka HD<\/strong><\/li>\n<li><strong>TVP Sport HD<br \/>\n<\/strong><\/li>\n<li><strong>TVP ABC HD<br \/>\n<\/strong><\/li>\n<li><strong>Polsat, Polsat HD, Super Polsat HD, TV-4 HD, TV-6 HD<br \/>\n<\/strong><\/li>\n<li><strong>TVN HD, TVN-7 HD<br \/>\n<\/strong><\/li>\n<li><strong>TTV HD<br \/>\n<\/strong><\/li>\n<li><strong>Stopklatka HD, Focus TV HD<br \/>\n<\/strong><\/li>\n<li><strong>TV Puls HD, TV Puls 2 HD<br \/>\n<\/strong><\/li>\n<li><strong>Polonia 1, Tele-5<\/strong><\/li>\n<li><strong>TV Silesia<\/strong><\/li>\n<li><strong>TV Trwam HD<br \/>\n<\/strong><\/li>\n<li><strong>Polsat Sport News<\/strong><\/li>\n<li><strong>Zoom TV, Nowa TV, Metro, WP,<br \/>\n<\/strong><\/li>\n<li><strong>Eska TV HD, 4 Fun, Gold TV, Power TV, Nuta TV<br \/>\n<\/strong><\/li>\n<li><strong>Echo-24 HD<br \/>\n<\/strong><\/li>\n<li><strong>Antena<\/strong> <strong>HD, Polo TV HD<\/strong><\/li>\n<\/ul>\n<p>[\/vc_column_text][\/vc_column_inner][vc_column_inner width=&#8221;1\/2&#8243;][vc_custom_heading text=&#8221;+ Pakiet Dodatkowy &#8211; mi\u0119dzy innymi&#8221; font_container=&#8221;tag:h3|text_align:left&#8221; google_fonts=&#8221;font_family:PT%20Sans%3Aregular%2Citalic%2C700%2C700italic|font_style:400%20regular%3A400%3Anormal&#8221;][vc_column_text css=&#8221;&#8221;]<\/p>\n<ul>\n<li><strong>TVN-24 HD, TVN-24 BIS HD, Polsat News HD<\/strong><\/li>\n<li><strong>HGTV HD<br \/>\n<\/strong><\/li>\n<li><strong>Polsat 2 HD<\/strong><\/li>\n<li><strong>Ale Kino+HD, CBS Europa HD,<\/strong><\/li>\n<li><strong> Polsat Film HD, Polsat Seriale HD, <\/strong><\/li>\n<li><strong>TVN Fabu\u0142a HD, TVN Turbo HD<br \/>\n<\/strong><\/li>\n<li><strong>Discovery Poland HD, Discovery Life HD&nbsp;<\/strong><\/li>\n<li><strong>Discovery Turbo Extra Poland HD<br \/>\n<\/strong><\/li>\n<li><strong>Discovery Scince Poland HD, ID Poland HD<br \/>\n<\/strong><\/li>\n<li><strong>Animal Planet Poland HD<\/strong><\/li>\n<li><strong>Eurosport-1 HD, Polsat Sport HD<\/strong><\/li>\n<li><strong>Polsat Sport 1,&nbsp;&nbsp;<\/strong><strong>Polsat Sport 2,&nbsp;<\/strong><strong>Polsat Sport 3,<\/strong><\/li>\n<li><strong>Polsat Sport Extra HD, Polsat Sport Fight HD, <\/strong><\/li>\n<li><strong>Polsat Sport News HD<\/strong><\/li>\n<li><strong>Planete+ HD<\/strong><\/li>\n<li><strong>TLC Poland HD<\/strong><\/li>\n<li><strong>TVN Style HD, Polsat Cafe HD, Polsat Rodzina<\/strong><\/li>\n<li><strong>Polsat Play HD, Polsat Games HD<br \/>\n<\/strong><\/li>\n<li><strong>Polsat Doku<\/strong><\/li>\n<li><strong>Polsat Music HD<\/strong><\/li>\n<li><strong>Tele Toon+ HD, Mini Mini+ HD<\/strong><\/li>\n<li><strong>4 Fun TV<\/strong><\/li>\n<\/ul>\n<p>[\/vc_column_text][\/vc_column_inner][\/vc_row_inner][\/vc_column][\/vc_row][vc_row][vc_column][vc_separator style=&#8221;dashed&#8221;][\/vc_column][\/vc_row]<\/p>\n<\/div>","protected":false},"excerpt":{"rendered":"<p>[vc_row][vc_column][\/vc_column][\/vc_row][vc_row el_class=&#8221;mcb-section&#8221;][vc_column][vc_row_inner][vc_column_inner width=&#8221;1\/2&#8243;][\/vc_column_inner][vc_column_inner width=&#8221;1\/2&#8243;][\/vc_column_inner][\/vc_row_inner][\/vc_column][\/vc_row][vc_row][vc_column][vc_row_inner][vc_column_inner width=&#8221;1\/2&#8243;][vc_custom_heading text=&#8221;Pakiet Podstawowy &#8211; mi\u0119dzy innymi&#8221; font_container=&#8221;tag:h3|text_align:left&#8221; google_fonts=&#8221;font_family:PT%20Sans%3Aregular%2Citalic%2C700%2C700italic|font_style:400%20regular%3A400%3Anormal&#8221;][vc_column_text css=&#8221;&#8221;] TVP-1 HD, TVP-2 HD, TVP-3 Wroc\u0142aw, TVP Info HD, TVP Polonia HD, TVP<span class=\"excerpt-hellip\"> [\u2026]<\/span><\/p>\n","protected":false},"author":2,"featured_media":-1,"parent":0,"menu_order":0,"comment_status":"closed","ping_status":"closed","template":"","meta":{"footnotes":""},"class_list":["post-9","page","type-page","status-publish","has-post-thumbnail","hentry"],"_links":{"self":[{"href":"https:\/\/www.tvk-gaj.pl\/index.php?rest_route=\/wp\/v2\/pages\/9","targetHints":{"allow":["GET"]}}],"collection":[{"href":"https:\/\/www.tvk-gaj.pl\/index.php?rest_route=\/wp\/v2\/pages"}],"about":[{"href":"https:\/\/www.tvk-gaj.pl\/index.php?rest_route=\/wp\/v2\/types\/page"}],"author":[{"embeddable":true,"href":"https:\/\/www.tvk-gaj.pl\/index.php?rest_route=\/wp\/v2\/users\/2"}],"replies":[{"embeddable":true,"href":"https:\/\/www.tvk-gaj.pl\/index.php?rest_route=%2Fwp%2Fv2%2Fcomments&post=9"}],"version-history":[{"count":4,"href":"https:\/\/www.tvk-gaj.pl\/index.php?rest_route=\/wp\/v2\/pages\/9\/revisions"}],"predecessor-version":[{"id":3872,"href":"https:\/\/www.tvk-gaj.pl\/index.php?rest_route=\/wp\/v2\/pages\/9\/revisions\/3872"}],"wp:featuredmedia":[{"embeddable":true,"href":"https:\/\/www.tvk-gaj.pl\/index.php?rest_route=\/"}],"wp:attachment":[{"href":"https:\/\/www.tvk-gaj.pl\/index.php?rest_route=%2Fwp%2Fv2%2Fmedia&parent=9"}],"curies":[{"name":"wp","href":"https:\/\/api.w.org\/{rel}","templated":true}]}}