{"id":7,"date":"2016-03-03T16:54:15","date_gmt":"2016-03-03T15:54:15","guid":{"rendered":"http:\/\/www.tvk-gaj.pl\/?page_id=7"},"modified":"2025-09-11T19:44:52","modified_gmt":"2025-09-11T17:44:52","slug":"oferta","status":"publish","type":"page","link":"https:\/\/www.tvk-gaj.pl\/?page_id=7","title":{"rendered":"Cennik"},"content":{"rendered":"<div class=\"wpb-content-wrapper\"><p>[vc_row][vc_column][vc_custom_heading text=&#8221;Stowarzyszenie U\u017cytkownik\u00f3w Telewizji Satelitarnej Osiedla GAJ oferuje Pa\u0144stwu mo\u017cliwo\u015b\u0107 korzystania poprzez sie\u0107 telewizji kablowej z odbioru program\u00f3w telewizyjnych oraz dost\u0119pu do Internetu.&#8221; font_container=&#8221;tag:h3|text_align:center&#8221; use_theme_fonts=&#8221;yes&#8221;][vc_separator][vc_custom_heading text=&#8221;Zasi\u0119g sieci TVK-Gaj&#8221; font_container=&#8221;tag:h3|text_align:center&#8221; use_theme_fonts=&#8221;yes&#8221;][vc_row_inner][vc_column_inner width=&#8221;1\/2&#8243;][vc_column_text]Sie\u0107 TVK-Gaj obejmuje swoim zasi\u0119giem ulice: <strong>Dzia\u0142kowa, Glogera, Jab\u0142eczna, Krynicka, Or\u0142owicza, Orzechowa, Zaruskiego i Zmorskiego.<\/strong>[\/vc_column_text][\/vc_column_inner][vc_column_inner width=&#8221;1\/2&#8243;][vc_gmaps link=&#8221;#E-8_JTNDaWZyYW1lJTIwc3JjJTNEJTIyaHR0cHMlM0ElMkYlMkZ3d3cuZ29vZ2xlLmNvbSUyRm1hcHMlMkZlbWJlZCUzRnBiJTNEJTIxMW0xOCUyMTFtMTIlMjExbTMlMjExZDQyMTUuNTEzNTM5ODUzMDM0JTIxMmQxNy4wMzgyNTQ0MjczMjk1NiUyMTNkNTEuMDc5NjgzOTcxNzc2NTk2JTIxMm0zJTIxMWYwJTIxMmYwJTIxM2YwJTIxM20yJTIxMWkxMDI0JTIxMmk3NjglMjE0ZjEzLjElMjEzbTMlMjExbTIlMjExczB4NDcwZmMyZjdjOThjNTBiNyUyNTNBMHg5YmE5NDk5ZDQ0MTNmMzAwJTIxMnNHYWolMjE1ZTAlMjEzbTIlMjExc3BsJTIxMnNwbCUyMTR2MTQ2MjM5ODMzMzI5MSUyMiUyMHdpZHRoJTNEJTIyNjAwJTIyJTIwaGVpZ2h0JTNEJTIyMzUwJTIyJTIwZnJhbWVib3JkZXIlM0QlMjIwJTIyJTIwc3R5bGUlM0QlMjJib3JkZXIlM0EwJTIyJTIwYWxsb3dmdWxsc2NyZWVuJTNFJTNDJTJGaWZyYW1lJTNF&#8221;][\/vc_column_inner][\/vc_row_inner][vc_row_inner][vc_column_inner][vc_custom_heading text=&#8221;Oferowane us\u0142ugi zosta\u0142y podzielone na pakiety, co powoduje zr\u00f3\u017cnicowanie wysoko\u015bci sk\u0142adek cz\u0142onkowskich.&#8221; font_container=&#8221;tag:h3|text_align:center&#8221; use_theme_fonts=&#8221;yes&#8221;][vc_separator][vc_column_text css=&#8221;&#8221;]W odbiorze program\u00f3w telewizyjnych dost\u0119pne s\u0105 dwa pakiety:<strong> podstawowy<\/strong> z programami og\u00f3lnodost\u0119pnymi (niekodowanymi) i <strong>dodatkowy<\/strong> z programami tematycznymi (kodowanymi).<\/p>\n<p>Dost\u0119p do internetu oferowany jest aktualnie w ramach pakietu <b>100 Mb, 200 Mb, 300 Mb, 600 Mb<\/b>[\/vc_column_text][vc_custom_heading text=&#8221;Wysoko\u015b\u0107 sk\u0142adek obowi\u0105zuj\u0105cych w bie\u017c\u0105cym roku.&#8221; font_container=&#8221;tag:h3|text_align:center&#8221; use_theme_fonts=&#8221;yes&#8221;][vc_separator][\/vc_column_inner][\/vc_row_inner][vc_column_text css=&#8221;&#8221;]<\/p>\n<table>\n<thead>\n<tr>\n<th>Rodzaj sk\u0142adki<\/th>\n<th>Pakiety<\/th>\n<th>Wysoko\u015b\u0107<\/th>\n<\/tr>\n<\/thead>\n<tbody>\n<tr>\n<td>Jednorazowa sk\u0142adka za pod\u0142\u0105czenie do telewizji kablowej<\/td>\n<td><\/td>\n<td>50 z\u0142<\/td>\n<\/tr>\n<tr>\n<td>Jednorazowa sk\u0142adka za pod\u0142\u0105czenie do internetu<\/td>\n<td><\/td>\n<td>50 z\u0142<\/td>\n<\/tr>\n<tr>\n<td>Jednorazowa sk\u0142adka za&nbsp;ponowne pod\u0142\u0105czenie<\/td>\n<td><\/td>\n<td>49 z\u0142<\/td>\n<\/tr>\n<tr>\n<td><strong>Miesi\u0119czna sk\u0142adka cz\u0142onkowska:<\/strong><\/td>\n<td><\/td>\n<td><\/td>\n<\/tr>\n<tr>\n<td>&#8211; dla korzystaj\u0105cych z telewizji kablowej<\/td>\n<td>Pakiet podstawowy<\/td>\n<td>23 z\u0142<\/td>\n<\/tr>\n<tr>\n<td><\/td>\n<td>Pakiet podstawowy i dodatkowy<\/td>\n<td>49 z\u0142<\/td>\n<\/tr>\n<tr>\n<td>&#8211; za korzystanie z Internetu<\/td>\n<td>Pakiet 100 Mb<\/td>\n<td>35 z\u0142<\/td>\n<\/tr>\n<tr>\n<td><\/td>\n<td>Pakiet 200 Mb<\/td>\n<td>40 z\u0142<\/td>\n<\/tr>\n<tr>\n<td><\/td>\n<td>Pakiet 300 Mb<\/td>\n<td>45 z\u0142<\/td>\n<\/tr>\n<tr>\n<td><\/td>\n<td>Pakiet 600 Mb<\/td>\n<td>100 z\u0142<\/td>\n<\/tr>\n<\/tbody>\n<\/table>\n<p>[\/vc_column_text][\/vc_column][\/vc_row][vc_row][vc_column][vc_separator style=&#8221;dashed&#8221;][\/vc_column][\/vc_row]<\/p>\n<\/div>","protected":false},"excerpt":{"rendered":"<p>[vc_row][vc_column][vc_custom_heading text=&#8221;Stowarzyszenie U\u017cytkownik\u00f3w Telewizji Satelitarnej Osiedla GAJ oferuje Pa\u0144stwu mo\u017cliwo\u015b\u0107 korzystania poprzez sie\u0107 telewizji kablowej z odbioru program\u00f3w telewizyjnych oraz dost\u0119pu do Internetu.&#8221; font_container=&#8221;tag:h3|text_align:center&#8221; use_theme_fonts=&#8221;yes&#8221;][vc_separator][vc_custom_heading text=&#8221;Zasi\u0119g<span class=\"excerpt-hellip\"> [\u2026]<\/span><\/p>\n","protected":false},"author":2,"featured_media":-1,"parent":0,"menu_order":0,"comment_status":"closed","ping_status":"closed","template":"","meta":{"footnotes":""},"class_list":["post-7","page","type-page","status-publish","has-post-thumbnail","hentry"],"_links":{"self":[{"href":"https:\/\/www.tvk-gaj.pl\/index.php?rest_route=\/wp\/v2\/pages\/7","targetHints":{"allow":["GET"]}}],"collection":[{"href":"https:\/\/www.tvk-gaj.pl\/index.php?rest_route=\/wp\/v2\/pages"}],"about":[{"href":"https:\/\/www.tvk-gaj.pl\/index.php?rest_route=\/wp\/v2\/types\/page"}],"author":[{"embeddable":true,"href":"https:\/\/www.tvk-gaj.pl\/index.php?rest_route=\/wp\/v2\/users\/2"}],"replies":[{"embeddable":true,"href":"https:\/\/www.tvk-gaj.pl\/index.php?rest_route=%2Fwp%2Fv2%2Fcomments&post=7"}],"version-history":[{"count":5,"href":"https:\/\/www.tvk-gaj.pl\/index.php?rest_route=\/wp\/v2\/pages\/7\/revisions"}],"predecessor-version":[{"id":3870,"href":"https:\/\/www.tvk-gaj.pl\/index.php?rest_route=\/wp\/v2\/pages\/7\/revisions\/3870"}],"wp:featuredmedia":[{"embeddable":true,"href":"https:\/\/www.tvk-gaj.pl\/index.php?rest_route=\/"}],"wp:attachment":[{"href":"https:\/\/www.tvk-gaj.pl\/index.php?rest_route=%2Fwp%2Fv2%2Fmedia&parent=7"}],"curies":[{"name":"wp","href":"https:\/\/api.w.org\/{rel}","templated":true}]}}