{"id":3670,"date":"2016-05-04T23:18:55","date_gmt":"2016-05-04T21:18:55","guid":{"rendered":"http:\/\/www.tvk-gaj.pl\/?page_id=3670"},"modified":"2025-09-11T19:53:13","modified_gmt":"2025-09-11T17:53:13","slug":"lista-kanalow","status":"publish","type":"page","link":"https:\/\/www.tvk-gaj.pl\/?page_id=3670","title":{"rendered":"Lista Kana\u0142\u00f3w"},"content":{"rendered":"<div class=\"wpb-content-wrapper\"><p>[vc_row el_class=&#8221;mcb-section&#8221;][vc_column]<div class=\"fancy_heading fancy_heading_icon\"><div class=\"fh-top\"><\/div><h2 class=\"title\">Wykaz kana\u0142\u00f3w telewizyjnych TVK- GAJ<\/h2><\/div>\n[vc_row_inner][vc_column_inner width=&#8221;1\/2&#8243;][vc_custom_heading text=&#8221;Pakiet Podstawowy&#8221; font_container=&#8221;tag:h3|text_align:left&#8221; use_theme_fonts=&#8221;yes&#8221;][vc_toggle title=&#8221;Telewizja cyfrowa &#8211; mi\u0119dzy innymi:&#8221; css=&#8221;&#8221; el_id=&#8221;1462397657793-dbd95bb3-3523&#8243;]<\/p>\n<ol>\n<li><strong>TVP-1 HD<\/strong><\/li>\n<li><strong>TVP-2 HD<\/strong><\/li>\n<li><strong>TVP-3 Wroc\u0142aw<\/strong><\/li>\n<li><strong>TVP Info HD<\/strong><\/li>\n<li><strong>TVP Polonia HD<\/strong><\/li>\n<li><strong>TVP World HD<\/strong><\/li>\n<li><strong>TVP Dokument HD<\/strong><\/li>\n<li><strong>TVP Historia<\/strong><\/li>\n<li><strong>TVP Nauka HD<\/strong><\/li>\n<li><strong>TVP Kultura HD<\/strong><\/li>\n<li><strong>TVP Kobieta<\/strong><\/li>\n<li><strong>TVP Rozrywka HD<\/strong><\/li>\n<li><strong>TVP Sport HD<\/strong><\/li>\n<li><strong>TVP ABC HD<\/strong><\/li>\n<li><strong>Polsat<\/strong><\/li>\n<li><strong>Polsat HD<\/strong><\/li>\n<li><strong>Super Polsat HD<\/strong><\/li>\n<li><strong>TV4-HD<\/strong><\/li>\n<li><strong>TV6-HD<\/strong><\/li>\n<li><strong>TVN HD<\/strong><\/li>\n<li><strong>TVN-7 HD<\/strong><\/li>\n<li><strong>TTV HD<\/strong><\/li>\n<li><strong>Stopklatka HD<\/strong><\/li>\n<li><strong>Focus TV HD<\/strong><\/li>\n<li><strong>TV Puls HD<\/strong><\/li>\n<li><strong>TV Puls 2 HD<\/strong><\/li>\n<li><strong>Polonia 1<\/strong><\/li>\n<li><strong>Tele-5<\/strong><\/li>\n<li><strong>TV Silesia<\/strong><\/li>\n<li><strong>TV Trwam HD<\/strong><\/li>\n<li><strong>Polsat Sport News<\/strong><\/li>\n<li><strong>Zoom TV<\/strong><\/li>\n<li><strong>Nowa TV<\/strong><\/li>\n<li><strong>Metro<\/strong><\/li>\n<li><strong>WP<\/strong><\/li>\n<li><strong>Eska TV HD<\/strong><\/li>\n<li><strong>4 Fun<\/strong><\/li>\n<li><strong>Gold TV<\/strong><\/li>\n<li><strong>Power TV<\/strong><\/li>\n<li><strong>Nuta TV<\/strong><\/li>\n<li><strong>Echo-24 HD<\/strong><\/li>\n<li><strong>Antena HD<\/strong><\/li>\n<li><strong>Polo TV HD<\/strong><\/li>\n<li><strong>Kana\u0142 informacyjny (planszowy)<\/strong><\/li>\n<\/ol>\n<p>[\/vc_toggle][\/vc_column_inner][vc_column_inner width=&#8221;1\/2&#8243;][vc_custom_heading text=&#8221;Pakiet Dodatkowy&#8221; font_container=&#8221;tag:h3|text_align:left&#8221; use_theme_fonts=&#8221;yes&#8221;][vc_toggle title=&#8221;Telewizja cyfrowa &#8211; mi\u0119dzy innymi:&#8221; css=&#8221;&#8221; el_id=&#8221;1462397674834-aa7d0b34-6335&#8243;]<\/p>\n<ol>\n<li><strong>TVN-24 HD<\/strong><\/li>\n<li><strong>TVN 24 BIS HD<\/strong><\/li>\n<li><strong>Polsat News HD<\/strong><\/li>\n<li><strong>HGTV HD<\/strong><\/li>\n<li><strong>Polsat 2 HD<\/strong><\/li>\n<li><strong>Ale Kino+ HD<\/strong><\/li>\n<li><strong>CBS Europa HD<\/strong><\/li>\n<li><strong>Polsat Film HD<\/strong><\/li>\n<li><strong>Polsat Seriale HD<\/strong><\/li>\n<li><strong>TVN Fabu\u0142a HD<\/strong><\/li>\n<li><strong>TVN Turbo HD<\/strong><\/li>\n<li><strong>Discovery Poland HD<\/strong><\/li>\n<li><strong>Discovery Life HD<\/strong><\/li>\n<li><strong>Discovery Turbo Extra Poland HD<\/strong><\/li>\n<li><strong>Discovery Science Poland HD<\/strong><\/li>\n<li><strong>ID Poland HD<\/strong><\/li>\n<li><strong>Animal Planet Poland HD<\/strong><\/li>\n<li><strong>Eurosport-1 HD<\/strong><\/li>\n<li><strong>Polsat Sport HD<\/strong><\/li>\n<li><strong>Polsat Sport 1<\/strong><\/li>\n<li><strong>Polsat Sport 2<\/strong><\/li>\n<li><strong>Polsat Sport 3<\/strong><\/li>\n<li><strong>Polsat Sport Extra HD<\/strong><\/li>\n<li><strong>Polsat Sport Fight HD<\/strong><\/li>\n<li><strong>Polsat Sport News HD<\/strong><\/li>\n<li><strong>Planete+ HD<\/strong><\/li>\n<li><strong>TLC Poland HD<\/strong><\/li>\n<li><strong>TVN Style HD<\/strong><\/li>\n<li><strong>Polsat Cafe HD<\/strong><\/li>\n<li><strong>Polsat Rodzina<\/strong><\/li>\n<li><strong>Polsat Play HD<\/strong><\/li>\n<li><strong>Polsat Games HD<\/strong><\/li>\n<li><strong>Polsat Doku<\/strong><\/li>\n<li><strong>Polsat Music HD<\/strong><\/li>\n<li><strong>Tele Toon+ HD<\/strong><\/li>\n<li><strong>Mini Mini+ HD<\/strong><\/li>\n<li><strong>4 Fun TV<\/strong><\/li>\n<\/ol>\n<p>[\/vc_toggle][\/vc_column_inner][\/vc_row_inner][\/vc_column][\/vc_row][vc_row][vc_column][vc_separator style=&#8221;dashed&#8221;][\/vc_column][\/vc_row][vc_row full_width=&#8221;stretch_row&#8221; css=&#8221;.vc_custom_1461879097725{background-color: #5aa1e3 !important;}&#8221;][vc_column][vc_cta h2=&#8221;Zam\u00f3w Internet&#8221; h4=&#8221;Zadzwo\u0144 pod numer 71-373-19-20 (automat zg\u0142oszeniowy) lub napisz na adres: <span \n                data-original-string='wFDUqg+eh8wf1\/2W5hTvkg==7baZUUg2+5ZNHNyjiemm8dc1fH9flLVhJ6wBX9Xgt9aVF4='\n                class='apbct-email-encoder'\n                title='This contact has been encoded by Anti-Spam by CleanTalk. Click to decode. To finish the decoding make sure that JavaScript is enabled in your browser.'>bi<span class=\"apbct-blur\">***<\/span>@<span class=\"apbct-blur\">*****<\/span>aj.pl<\/span>&#8221; shape=&#8221;square&#8221; style=&#8221;flat&#8221; color=&#8221;sky&#8221; add_button=&#8221;right&#8221; btn_title=&#8221;Wy\u015blij Zg\u0142oszenie&#8221;][\/vc_cta][\/vc_column][\/vc_row]<\/p>\n<\/div>","protected":false},"excerpt":{"rendered":"<p>[vc_row el_class=&#8221;mcb-section&#8221;][vc_column][vc_row_inner][vc_column_inner width=&#8221;1\/2&#8243;][vc_custom_heading text=&#8221;Pakiet Podstawowy&#8221; font_container=&#8221;tag:h3|text_align:left&#8221; use_theme_fonts=&#8221;yes&#8221;][vc_toggle title=&#8221;Telewizja cyfrowa &#8211; mi\u0119dzy innymi:&#8221; css=&#8221;&#8221; el_id=&#8221;1462397657793-dbd95bb3-3523&#8243;] TVP-1 HD TVP-2 HD TVP-3 Wroc\u0142aw TVP Info HD TVP Polonia HD<span class=\"excerpt-hellip\"> [\u2026]<\/span><\/p>\n","protected":false},"author":2,"featured_media":0,"parent":0,"menu_order":0,"comment_status":"closed","ping_status":"closed","template":"","meta":{"footnotes":""},"class_list":["post-3670","page","type-page","status-publish","hentry"],"_links":{"self":[{"href":"https:\/\/www.tvk-gaj.pl\/index.php?rest_route=\/wp\/v2\/pages\/3670","targetHints":{"allow":["GET"]}}],"collection":[{"href":"https:\/\/www.tvk-gaj.pl\/index.php?rest_route=\/wp\/v2\/pages"}],"about":[{"href":"https:\/\/www.tvk-gaj.pl\/index.php?rest_route=\/wp\/v2\/types\/page"}],"author":[{"embeddable":true,"href":"https:\/\/www.tvk-gaj.pl\/index.php?rest_route=\/wp\/v2\/users\/2"}],"replies":[{"embeddable":true,"href":"https:\/\/www.tvk-gaj.pl\/index.php?rest_route=%2Fwp%2Fv2%2Fcomments&post=3670"}],"version-history":[{"count":1,"href":"https:\/\/www.tvk-gaj.pl\/index.php?rest_route=\/wp\/v2\/pages\/3670\/revisions"}],"predecessor-version":[{"id":3876,"href":"https:\/\/www.tvk-gaj.pl\/index.php?rest_route=\/wp\/v2\/pages\/3670\/revisions\/3876"}],"wp:attachment":[{"href":"https:\/\/www.tvk-gaj.pl\/index.php?rest_route=%2Fwp%2Fv2%2Fmedia&parent=3670"}],"curies":[{"name":"wp","href":"https:\/\/api.w.org\/{rel}","templated":true}]}}